{"id":6511,"date":"2017-11-29T17:34:03","date_gmt":"2017-11-29T19:34:03","guid":{"rendered":"https:\/\/www.faaftech.com\/?page_id=6511"},"modified":"2025-10-10T14:07:59","modified_gmt":"2025-10-10T17:07:59","slug":"quienes-somos","status":"publish","type":"page","link":"https:\/\/www.faaftech.com\/es\/quienes-somos\/","title":{"rendered":"Quienes somos"},"content":{"rendered":"\t\t<div data-elementor-type=\"wp-page\" data-elementor-id=\"6511\" class=\"elementor elementor-6511 elementor-70\">\n\t\t\t\t\t\t\t\t\t<section class=\"elementor-section elementor-top-section elementor-element elementor-element-528c1905 elementor-section-boxed elementor-section-height-default elementor-section-height-default\" data-id=\"528c1905\" data-element_type=\"section\">\n\t\t\t\t\t\t<div class=\"elementor-container elementor-column-gap-default\">\n\t\t\t\t\t<div class=\"elementor-column elementor-col-100 elementor-top-column elementor-element elementor-element-5b751394\" data-id=\"5b751394\" data-element_type=\"column\">\n\t\t\t<div class=\"elementor-widget-wrap elementor-element-populated\">\n\t\t\t\t\t\t\t\t<div class=\"elementor-element elementor-element-34098a8b elementor-widget elementor-widget-text-editor\" data-id=\"34098a8b\" data-element_type=\"widget\" data-widget_type=\"text-editor.default\">\n\t\t\t\t<div class=\"elementor-widget-container\">\n\t\t\t\t\t\t\t<h2>Historia y trayectoria de nuestra empresaHistoria<\/h2>\n<p>Despu\u00e9s de dos a\u00f1os de investigaci\u00f3n y desarrollo fue fundada en 2010 la Faaftech, desde entonces trabajamos para ofrecer siempre productos diferenciados y de calidad,<br>\ncontamos actualmente con una l\u00ednea completa de interfaces para controles de volante, interfaces para amplificador adem\u00e1s de accesorios para sistemas de audio y video automotores.<\/p>\n<p>Tenemos proyectos desarrollados espec\u00edficamente para la l\u00ednea OEM (Original Equipment Manufacturer), donde atendemos a fabricantes de radios y montadoras, de modo que nuestras interfaces equipan veh\u00edculos de f\u00e1brica, reduciendo los costos de desarrollo y producci\u00f3n de radios espec\u00edficos.<\/p>\n<p>En los \u00faltimos a\u00f1os hemos ampliado nuestras actividades para atender tambi\u00e9n el mercado de integraci\u00f3n de sistemas de audio y video automotores, con interfaces que agregan nuevas funcionalidades, como desbloqueo de video en movimiento, entrada para c\u00e1mara&nbsp;de marcha atras, TV digital, DVD y GPS adem\u00e1s de salidas para pantallas traseras.<\/p>\n<p>Con el objetivo de ofrecer a nuestros clientes soluciones completas y de calidad superior, desarrollamos recientemente una l\u00ednea de accesorios compuesta por receptores de TV digital, reproductores de DVD y m\u00f3dulos GPS BOX. Adem\u00e1s de la calidad, el gran diferencial de esta l\u00ednea de accesorios es la total integraci\u00f3n con nuestras interfaces.<\/p>\n<hr>\n<h2>Misi\u00f3n<\/h2>\n<p>Faaftech existe para ofrecer soluciones tecnol\u00f3gicas innovadoras, competitivas y de calidad, generando oportunidades para nuestros socios y colaboradores, satisfacci\u00f3n para nuestros clientes y retorno a los inversores.<\/p>\n<hr>\n<h2>Visi\u00f3n<\/h2>\n<p>Nuestra visi\u00f3n orienta nuestro camino para garantizar un buen desempe\u00f1o de nuestros productos y servicios.<\/p>\n<p><strong>Personas:<\/strong> Garantizar a todo el equipo Faaftech un ambiente que ofrezca condiciones de trabajo satisfactorias al buen desempe\u00f1o y al crecimiento personal, pues vemos a nuestros colaboradores como socios de nuestro \u00e9xito.<\/p>\n<p><strong>Portafolio:<\/strong> Ampliar, innovar y acompa\u00f1ar tendencias y necesidades del mercado automotor, siempre al frente, con productos 100% nacionales, garantizando calidad y eficiencia de nuestros productos.<\/p>\n<p><strong>Socios:<\/strong> Caminar lado a lado con nuestros socios, colaborando para un crecimiento mutuo y prometedor.<\/p>\n<p><strong>Planeta:<\/strong> Ser una empresa sostenible, garantizando a la sociedad ya la naturaleza beneficios adquiridos con nuestro crecimiento.<\/p>\n<p><strong>Beneficio:<\/strong> Posicionarse como una de las mayores empresas proveedoras de soluciones automotrices m\u00e1s rentables de Brasil.<\/p>\n<hr>\n<header>\n<h2>Valores<\/h2>\n<ul>\n<li>Satisfacci\u00f3n del cliente<\/li>\n<li>Trabajo<\/li>\n<li>Etica<\/li>\n<li>Innovaci\u00f3n<\/li>\n<li>Calidad<\/li>\n<\/ul>\n<\/header>\n<hr>\n<h2>Pol\u00edtica de Calidad<\/h2>\n<p>Faaftech es una empresa que desarrolla, produce y comercializa soluciones automotrices, busca atender a las partes interesadas con productos de calidad, contando con la participaci\u00f3n de sus profesionales y proveedores \/ proveedores aplicando mejor\u00eda continua.<\/p>\n<hr>\n<h2>Certificaci\u00f3n<\/h2>\n<p>En el a\u00f1o 2015, Faaftech fue certificada por el IQA (Instituto de Calidad Automotriz) por la norma ISO 9001: 2008 y demostrando la b\u00fasqueda continua para ofrecer productos de calidad, fuimos certificados nuevamente en septiembre de 2017 por la ABNT NBR ISO 9001: 2015, por el \u00f3rgano certificador IQA.<br><br><a href=\"https:\/\/www.faaftech.com\/wp-content\/uploads\/2025\/10\/70CEi-2024.09.06-2027.09.06-1.pdf\" style=\"background-color: rgb(255, 255, 255); color: rgb(35, 82, 124); outline: 0px;\"><span style=\"font-weight: 700;\">Certifica\u00e7\u00e3o ISO 9001<\/span><\/a><\/p>\n<p>&nbsp;<\/p>\n<p><img fetchpriority=\"high\" decoding=\"async\" src=\"https:\/\/www.faaftech.com\/wp-content\/uploads\/2017\/03\/ISO_9001-189x300.jpg\" alt=\"\" width=\"189\" height=\"300\"><\/p>\t\t\t\t\t\t<\/div>\n\t\t\t\t<\/div>\n\t\t\t\t\t<\/div>\n\t\t<\/div>\n\t\t\t\t\t\t\t<\/div>\n\t\t<\/section>\n\t\t\t\t\t\t\t<\/div>\n\t\t","protected":false},"excerpt":{"rendered":"<p>Historia y trayectoria de nuestra empresaHistoria Despu\u00e9s de dos a\u00f1os de investigaci\u00f3n y desarrollo fue fundada en 2010 la Faaftech, desde entonces trabajamos para ofrecer siempre productos diferenciados y de calidad, contamos actualmente con una l\u00ednea completa de interfaces para controles de volante, interfaces para amplificador adem\u00e1s de accesorios para sistemas de audio y video [&hellip;]<\/p>\n","protected":false},"author":2,"featured_media":8494,"parent":0,"menu_order":0,"comment_status":"closed","ping_status":"closed","template":"quem-somos.php","meta":{"footnotes":""},"acf":[],"yoast_head":"<!-- This site is optimized with the Yoast SEO plugin v21.4 - https:\/\/yoast.com\/wordpress\/plugins\/seo\/ -->\n<title>Historia y trayectoria de nuestra empresa - Faaftech<\/title>\n<meta name=\"robots\" content=\"index, follow, max-snippet:-1, max-image-preview:large, max-video-preview:-1\" \/>\n<link rel=\"canonical\" href=\"https:\/\/www.faaftech.com\/es\/quienes-somos\/\" \/>\n<meta property=\"og:locale\" content=\"es_ES\" \/>\n<meta property=\"og:type\" content=\"article\" \/>\n<meta property=\"og:title\" content=\"Historia y trayectoria de nuestra empresa - Faaftech\" \/>\n<meta property=\"og:description\" content=\"Historia y trayectoria de nuestra empresaHistoria Despu\u00e9s de dos a\u00f1os de investigaci\u00f3n y desarrollo fue fundada en 2010 la Faaftech, desde entonces trabajamos para ofrecer siempre productos diferenciados y de calidad, contamos actualmente con una l\u00ednea completa de interfaces para controles de volante, interfaces para amplificador adem\u00e1s de accesorios para sistemas de audio y video [&hellip;]\" \/>\n<meta property=\"og:url\" content=\"https:\/\/www.faaftech.com\/es\/quienes-somos\/\" \/>\n<meta property=\"og:site_name\" content=\"Faaftech\" \/>\n<meta property=\"article:publisher\" content=\"https:\/\/www.facebook.com\/faaftech\/\" \/>\n<meta property=\"article:modified_time\" content=\"2025-10-10T17:07:59+00:00\" \/>\n<meta property=\"og:image\" content=\"https:\/\/www.faaftech.com\/wp-content\/uploads\/2017\/03\/Briefing-34-Banner.png\" \/>\n\t<meta property=\"og:image:width\" content=\"1600\" \/>\n\t<meta property=\"og:image:height\" content=\"350\" \/>\n\t<meta property=\"og:image:type\" content=\"image\/png\" \/>\n<meta name=\"twitter:card\" content=\"summary_large_image\" \/>\n<meta name=\"twitter:label1\" content=\"Tiempo de lectura\" \/>\n\t<meta name=\"twitter:data1\" content=\"3 minutos\" \/>\n<script type=\"application\/ld+json\" class=\"yoast-schema-graph\">{\"@context\":\"https:\/\/schema.org\",\"@graph\":[{\"@type\":\"WebPage\",\"@id\":\"https:\/\/www.faaftech.com\/es\/quienes-somos\/\",\"url\":\"https:\/\/www.faaftech.com\/es\/quienes-somos\/\",\"name\":\"Historia y trayectoria de nuestra empresa - Faaftech\",\"isPartOf\":{\"@id\":\"https:\/\/faaftech.com\/#website\"},\"datePublished\":\"2017-11-29T19:34:03+00:00\",\"dateModified\":\"2025-10-10T17:07:59+00:00\",\"breadcrumb\":{\"@id\":\"https:\/\/www.faaftech.com\/es\/quienes-somos\/#breadcrumb\"},\"inLanguage\":\"es\",\"potentialAction\":[{\"@type\":\"ReadAction\",\"target\":[\"https:\/\/www.faaftech.com\/es\/quienes-somos\/\"]}]},{\"@type\":\"BreadcrumbList\",\"@id\":\"https:\/\/www.faaftech.com\/es\/quienes-somos\/#breadcrumb\",\"itemListElement\":[{\"@type\":\"ListItem\",\"position\":1,\"name\":\"In\u00edcio\",\"item\":\"https:\/\/www.faaftech.com\/es\/\"},{\"@type\":\"ListItem\",\"position\":2,\"name\":\"Quienes somos\"}]},{\"@type\":\"WebSite\",\"@id\":\"https:\/\/faaftech.com\/#website\",\"url\":\"https:\/\/faaftech.com\/\",\"name\":\"Faaftech\",\"description\":\"Solu\u00e7\u00f5es Automotivas Inteligentes\",\"publisher\":{\"@id\":\"https:\/\/faaftech.com\/#organization\"},\"potentialAction\":[{\"@type\":\"SearchAction\",\"target\":{\"@type\":\"EntryPoint\",\"urlTemplate\":\"https:\/\/faaftech.com\/?s={search_term_string}\"},\"query-input\":\"required name=search_term_string\"}],\"inLanguage\":\"es\"},{\"@type\":\"Organization\",\"@id\":\"https:\/\/faaftech.com\/#organization\",\"name\":\"Faaftech Solu\u00e7\u00f5es Inteligentes\",\"url\":\"https:\/\/faaftech.com\/\",\"logo\":{\"@type\":\"ImageObject\",\"inLanguage\":\"es\",\"@id\":\"https:\/\/faaftech.com\/#\/schema\/logo\/image\/\",\"url\":\"https:\/\/www.faaftech.com\/wp-content\/uploads\/2018\/03\/logo-faaftech-2018.png\",\"contentUrl\":\"https:\/\/www.faaftech.com\/wp-content\/uploads\/2018\/03\/logo-faaftech-2018.png\",\"width\":317,\"height\":50,\"caption\":\"Faaftech Solu\u00e7\u00f5es Inteligentes\"},\"image\":{\"@id\":\"https:\/\/faaftech.com\/#\/schema\/logo\/image\/\"},\"sameAs\":[\"https:\/\/www.facebook.com\/faaftech\/\",\"https:\/\/www.instagram.com\/faaftech\/\",\"https:\/\/www.youtube.com\/user\/Faaftech\"]}]}<\/script>\n<!-- \/ Yoast SEO plugin. -->","yoast_head_json":{"title":"Historia y trayectoria de nuestra empresa - Faaftech","robots":{"index":"index","follow":"follow","max-snippet":"max-snippet:-1","max-image-preview":"max-image-preview:large","max-video-preview":"max-video-preview:-1"},"canonical":"https:\/\/www.faaftech.com\/es\/quienes-somos\/","og_locale":"es_ES","og_type":"article","og_title":"Historia y trayectoria de nuestra empresa - Faaftech","og_description":"Historia y trayectoria de nuestra empresaHistoria Despu\u00e9s de dos a\u00f1os de investigaci\u00f3n y desarrollo fue fundada en 2010 la Faaftech, desde entonces trabajamos para ofrecer siempre productos diferenciados y de calidad, contamos actualmente con una l\u00ednea completa de interfaces para controles de volante, interfaces para amplificador adem\u00e1s de accesorios para sistemas de audio y video [&hellip;]","og_url":"https:\/\/www.faaftech.com\/es\/quienes-somos\/","og_site_name":"Faaftech","article_publisher":"https:\/\/www.facebook.com\/faaftech\/","article_modified_time":"2025-10-10T17:07:59+00:00","og_image":[{"width":1600,"height":350,"url":"https:\/\/www.faaftech.com\/wp-content\/uploads\/2017\/03\/Briefing-34-Banner.png","type":"image\/png"}],"twitter_card":"summary_large_image","twitter_misc":{"Tiempo de lectura":"3 minutos"},"schema":{"@context":"https:\/\/schema.org","@graph":[{"@type":"WebPage","@id":"https:\/\/www.faaftech.com\/es\/quienes-somos\/","url":"https:\/\/www.faaftech.com\/es\/quienes-somos\/","name":"Historia y trayectoria de nuestra empresa - Faaftech","isPartOf":{"@id":"https:\/\/faaftech.com\/#website"},"datePublished":"2017-11-29T19:34:03+00:00","dateModified":"2025-10-10T17:07:59+00:00","breadcrumb":{"@id":"https:\/\/www.faaftech.com\/es\/quienes-somos\/#breadcrumb"},"inLanguage":"es","potentialAction":[{"@type":"ReadAction","target":["https:\/\/www.faaftech.com\/es\/quienes-somos\/"]}]},{"@type":"BreadcrumbList","@id":"https:\/\/www.faaftech.com\/es\/quienes-somos\/#breadcrumb","itemListElement":[{"@type":"ListItem","position":1,"name":"In\u00edcio","item":"https:\/\/www.faaftech.com\/es\/"},{"@type":"ListItem","position":2,"name":"Quienes somos"}]},{"@type":"WebSite","@id":"https:\/\/faaftech.com\/#website","url":"https:\/\/faaftech.com\/","name":"Faaftech","description":"Solu\u00e7\u00f5es Automotivas Inteligentes","publisher":{"@id":"https:\/\/faaftech.com\/#organization"},"potentialAction":[{"@type":"SearchAction","target":{"@type":"EntryPoint","urlTemplate":"https:\/\/faaftech.com\/?s={search_term_string}"},"query-input":"required name=search_term_string"}],"inLanguage":"es"},{"@type":"Organization","@id":"https:\/\/faaftech.com\/#organization","name":"Faaftech Solu\u00e7\u00f5es Inteligentes","url":"https:\/\/faaftech.com\/","logo":{"@type":"ImageObject","inLanguage":"es","@id":"https:\/\/faaftech.com\/#\/schema\/logo\/image\/","url":"https:\/\/www.faaftech.com\/wp-content\/uploads\/2018\/03\/logo-faaftech-2018.png","contentUrl":"https:\/\/www.faaftech.com\/wp-content\/uploads\/2018\/03\/logo-faaftech-2018.png","width":317,"height":50,"caption":"Faaftech Solu\u00e7\u00f5es Inteligentes"},"image":{"@id":"https:\/\/faaftech.com\/#\/schema\/logo\/image\/"},"sameAs":["https:\/\/www.facebook.com\/faaftech\/","https:\/\/www.instagram.com\/faaftech\/","https:\/\/www.youtube.com\/user\/Faaftech"]}]}},"_links":{"self":[{"href":"https:\/\/www.faaftech.com\/es\/wp-json\/wp\/v2\/pages\/6511"}],"collection":[{"href":"https:\/\/www.faaftech.com\/es\/wp-json\/wp\/v2\/pages"}],"about":[{"href":"https:\/\/www.faaftech.com\/es\/wp-json\/wp\/v2\/types\/page"}],"author":[{"embeddable":true,"href":"https:\/\/www.faaftech.com\/es\/wp-json\/wp\/v2\/users\/2"}],"replies":[{"embeddable":true,"href":"https:\/\/www.faaftech.com\/es\/wp-json\/wp\/v2\/comments?post=6511"}],"version-history":[{"count":3,"href":"https:\/\/www.faaftech.com\/es\/wp-json\/wp\/v2\/pages\/6511\/revisions"}],"predecessor-version":[{"id":50620,"href":"https:\/\/www.faaftech.com\/es\/wp-json\/wp\/v2\/pages\/6511\/revisions\/50620"}],"wp:featuredmedia":[{"embeddable":true,"href":"https:\/\/www.faaftech.com\/es\/wp-json\/wp\/v2\/media\/8494"}],"wp:attachment":[{"href":"https:\/\/www.faaftech.com\/es\/wp-json\/wp\/v2\/media?parent=6511"}],"curies":[{"name":"wp","href":"https:\/\/api.w.org\/{rel}","templated":true}]}}