{"id":6525,"date":"2017-11-29T17:37:50","date_gmt":"2017-11-29T19:37:50","guid":{"rendered":"https:\/\/www.faaftech.com\/?page_id=6525"},"modified":"2021-06-24T16:49:17","modified_gmt":"2021-06-24T19:49:17","slug":"apoyo","status":"publish","type":"page","link":"https:\/\/www.faaftech.com\/es\/apoyo\/","title":{"rendered":"Apoyo"},"content":{"rendered":"<h3>Envie seu contato para o Suporte T\u00e9cnico<\/h3>\n<p>Complete o formul\u00e1rio abaixo para que possamos auxili\u00e1-lo.<\/p>\n<p><small>SUPORTE T\u00c9CNICO:<\/small>\u00a0<strong>0800 603 2330<\/strong>(somente fixo) ou <strong>(062) 32414600<\/strong><br \/>\n<small>E-EMAIL:<\/small> <strong>suporte@faaftech.com<\/strong><\/p>\n<p>Atendimento de Segunda \u00e0 Sexta das 08:00 \u00e0s 18:00 hor\u00e1rio de Bras\u00edlia<\/p>\n<p>&nbsp;<\/p>\n","protected":false},"excerpt":{"rendered":"<p>Envie seu contato para o Suporte T\u00e9cnico Complete o formul\u00e1rio abaixo para que possamos auxili\u00e1-lo. SUPORTE T\u00c9CNICO:\u00a00800 603 2330(somente fixo) ou (062) 32414600 E-EMAIL: suporte@faaftech.com Atendimento de Segunda \u00e0 Sexta das 08:00 \u00e0s 18:00 hor\u00e1rio de Bras\u00edlia &nbsp;<\/p>\n","protected":false},"author":2,"featured_media":6531,"parent":0,"menu_order":0,"comment_status":"closed","ping_status":"closed","template":"suporte.php","meta":{"footnotes":""},"acf":[],"yoast_head":"<!-- This site is optimized with the Yoast SEO plugin v21.4 - https:\/\/yoast.com\/wordpress\/plugins\/seo\/ -->\n<title>Contacto para asistencia t\u00e9cnica y garant\u00eda - Faaftech<\/title>\n<meta name=\"robots\" content=\"index, follow, max-snippet:-1, max-image-preview:large, max-video-preview:-1\" \/>\n<link rel=\"canonical\" href=\"https:\/\/www.faaftech.com\/es\/apoyo\/\" \/>\n<meta property=\"og:locale\" content=\"es_ES\" \/>\n<meta property=\"og:type\" content=\"article\" \/>\n<meta property=\"og:title\" content=\"Contacto para asistencia t\u00e9cnica y garant\u00eda - Faaftech\" \/>\n<meta property=\"og:description\" content=\"Envie seu contato para o Suporte T\u00e9cnico Complete o formul\u00e1rio abaixo para que possamos auxili\u00e1-lo. SUPORTE T\u00c9CNICO:\u00a00800 603 2330(somente fixo) ou (062) 32414600 E-EMAIL: suporte@faaftech.com Atendimento de Segunda \u00e0 Sexta das 08:00 \u00e0s 18:00 hor\u00e1rio de Bras\u00edlia &nbsp;\" \/>\n<meta property=\"og:url\" content=\"https:\/\/www.faaftech.com\/es\/apoyo\/\" \/>\n<meta property=\"og:site_name\" content=\"Faaftech\" \/>\n<meta property=\"article:publisher\" content=\"https:\/\/www.facebook.com\/faaftech\/\" \/>\n<meta property=\"article:modified_time\" content=\"2021-06-24T19:49:17+00:00\" \/>\n<meta property=\"og:image\" content=\"https:\/\/www.faaftech.com\/wp-content\/uploads\/2017\/03\/bkgfaff2.jpg\" \/>\n\t<meta property=\"og:image:width\" content=\"1266\" \/>\n\t<meta property=\"og:image:height\" content=\"844\" \/>\n\t<meta property=\"og:image:type\" content=\"image\/jpeg\" \/>\n<meta name=\"twitter:card\" content=\"summary_large_image\" \/>\n<script type=\"application\/ld+json\" class=\"yoast-schema-graph\">{\"@context\":\"https:\/\/schema.org\",\"@graph\":[{\"@type\":\"WebPage\",\"@id\":\"https:\/\/www.faaftech.com\/es\/apoyo\/\",\"url\":\"https:\/\/www.faaftech.com\/es\/apoyo\/\",\"name\":\"Contacto para asistencia t\u00e9cnica y garant\u00eda - Faaftech\",\"isPartOf\":{\"@id\":\"https:\/\/faaftech.com\/#website\"},\"datePublished\":\"2017-11-29T19:37:50+00:00\",\"dateModified\":\"2021-06-24T19:49:17+00:00\",\"breadcrumb\":{\"@id\":\"https:\/\/www.faaftech.com\/es\/apoyo\/#breadcrumb\"},\"inLanguage\":\"es\",\"potentialAction\":[{\"@type\":\"ReadAction\",\"target\":[\"https:\/\/www.faaftech.com\/es\/apoyo\/\"]}]},{\"@type\":\"BreadcrumbList\",\"@id\":\"https:\/\/www.faaftech.com\/es\/apoyo\/#breadcrumb\",\"itemListElement\":[{\"@type\":\"ListItem\",\"position\":1,\"name\":\"In\u00edcio\",\"item\":\"https:\/\/www.faaftech.com\/es\/\"},{\"@type\":\"ListItem\",\"position\":2,\"name\":\"Apoyo\"}]},{\"@type\":\"WebSite\",\"@id\":\"https:\/\/faaftech.com\/#website\",\"url\":\"https:\/\/faaftech.com\/\",\"name\":\"Faaftech\",\"description\":\"Solu\u00e7\u00f5es Automotivas Inteligentes\",\"publisher\":{\"@id\":\"https:\/\/faaftech.com\/#organization\"},\"potentialAction\":[{\"@type\":\"SearchAction\",\"target\":{\"@type\":\"EntryPoint\",\"urlTemplate\":\"https:\/\/faaftech.com\/?s={search_term_string}\"},\"query-input\":\"required name=search_term_string\"}],\"inLanguage\":\"es\"},{\"@type\":\"Organization\",\"@id\":\"https:\/\/faaftech.com\/#organization\",\"name\":\"Faaftech Solu\u00e7\u00f5es Inteligentes\",\"url\":\"https:\/\/faaftech.com\/\",\"logo\":{\"@type\":\"ImageObject\",\"inLanguage\":\"es\",\"@id\":\"https:\/\/faaftech.com\/#\/schema\/logo\/image\/\",\"url\":\"https:\/\/www.faaftech.com\/wp-content\/uploads\/2018\/03\/logo-faaftech-2018.png\",\"contentUrl\":\"https:\/\/www.faaftech.com\/wp-content\/uploads\/2018\/03\/logo-faaftech-2018.png\",\"width\":317,\"height\":50,\"caption\":\"Faaftech Solu\u00e7\u00f5es Inteligentes\"},\"image\":{\"@id\":\"https:\/\/faaftech.com\/#\/schema\/logo\/image\/\"},\"sameAs\":[\"https:\/\/www.facebook.com\/faaftech\/\",\"https:\/\/www.instagram.com\/faaftech\/\",\"https:\/\/www.youtube.com\/user\/Faaftech\"]}]}<\/script>\n<!-- \/ Yoast SEO plugin. -->","yoast_head_json":{"title":"Contacto para asistencia t\u00e9cnica y garant\u00eda - Faaftech","robots":{"index":"index","follow":"follow","max-snippet":"max-snippet:-1","max-image-preview":"max-image-preview:large","max-video-preview":"max-video-preview:-1"},"canonical":"https:\/\/www.faaftech.com\/es\/apoyo\/","og_locale":"es_ES","og_type":"article","og_title":"Contacto para asistencia t\u00e9cnica y garant\u00eda - Faaftech","og_description":"Envie seu contato para o Suporte T\u00e9cnico Complete o formul\u00e1rio abaixo para que possamos auxili\u00e1-lo. SUPORTE T\u00c9CNICO:\u00a00800 603 2330(somente fixo) ou (062) 32414600 E-EMAIL: suporte@faaftech.com Atendimento de Segunda \u00e0 Sexta das 08:00 \u00e0s 18:00 hor\u00e1rio de Bras\u00edlia &nbsp;","og_url":"https:\/\/www.faaftech.com\/es\/apoyo\/","og_site_name":"Faaftech","article_publisher":"https:\/\/www.facebook.com\/faaftech\/","article_modified_time":"2021-06-24T19:49:17+00:00","og_image":[{"width":1266,"height":844,"url":"https:\/\/www.faaftech.com\/wp-content\/uploads\/2017\/03\/bkgfaff2.jpg","type":"image\/jpeg"}],"twitter_card":"summary_large_image","schema":{"@context":"https:\/\/schema.org","@graph":[{"@type":"WebPage","@id":"https:\/\/www.faaftech.com\/es\/apoyo\/","url":"https:\/\/www.faaftech.com\/es\/apoyo\/","name":"Contacto para asistencia t\u00e9cnica y garant\u00eda - Faaftech","isPartOf":{"@id":"https:\/\/faaftech.com\/#website"},"datePublished":"2017-11-29T19:37:50+00:00","dateModified":"2021-06-24T19:49:17+00:00","breadcrumb":{"@id":"https:\/\/www.faaftech.com\/es\/apoyo\/#breadcrumb"},"inLanguage":"es","potentialAction":[{"@type":"ReadAction","target":["https:\/\/www.faaftech.com\/es\/apoyo\/"]}]},{"@type":"BreadcrumbList","@id":"https:\/\/www.faaftech.com\/es\/apoyo\/#breadcrumb","itemListElement":[{"@type":"ListItem","position":1,"name":"In\u00edcio","item":"https:\/\/www.faaftech.com\/es\/"},{"@type":"ListItem","position":2,"name":"Apoyo"}]},{"@type":"WebSite","@id":"https:\/\/faaftech.com\/#website","url":"https:\/\/faaftech.com\/","name":"Faaftech","description":"Solu\u00e7\u00f5es Automotivas Inteligentes","publisher":{"@id":"https:\/\/faaftech.com\/#organization"},"potentialAction":[{"@type":"SearchAction","target":{"@type":"EntryPoint","urlTemplate":"https:\/\/faaftech.com\/?s={search_term_string}"},"query-input":"required name=search_term_string"}],"inLanguage":"es"},{"@type":"Organization","@id":"https:\/\/faaftech.com\/#organization","name":"Faaftech Solu\u00e7\u00f5es Inteligentes","url":"https:\/\/faaftech.com\/","logo":{"@type":"ImageObject","inLanguage":"es","@id":"https:\/\/faaftech.com\/#\/schema\/logo\/image\/","url":"https:\/\/www.faaftech.com\/wp-content\/uploads\/2018\/03\/logo-faaftech-2018.png","contentUrl":"https:\/\/www.faaftech.com\/wp-content\/uploads\/2018\/03\/logo-faaftech-2018.png","width":317,"height":50,"caption":"Faaftech Solu\u00e7\u00f5es Inteligentes"},"image":{"@id":"https:\/\/faaftech.com\/#\/schema\/logo\/image\/"},"sameAs":["https:\/\/www.facebook.com\/faaftech\/","https:\/\/www.instagram.com\/faaftech\/","https:\/\/www.youtube.com\/user\/Faaftech"]}]}},"_links":{"self":[{"href":"https:\/\/www.faaftech.com\/es\/wp-json\/wp\/v2\/pages\/6525"}],"collection":[{"href":"https:\/\/www.faaftech.com\/es\/wp-json\/wp\/v2\/pages"}],"about":[{"href":"https:\/\/www.faaftech.com\/es\/wp-json\/wp\/v2\/types\/page"}],"author":[{"embeddable":true,"href":"https:\/\/www.faaftech.com\/es\/wp-json\/wp\/v2\/users\/2"}],"replies":[{"embeddable":true,"href":"https:\/\/www.faaftech.com\/es\/wp-json\/wp\/v2\/comments?post=6525"}],"version-history":[{"count":0,"href":"https:\/\/www.faaftech.com\/es\/wp-json\/wp\/v2\/pages\/6525\/revisions"}],"wp:featuredmedia":[{"embeddable":true,"href":"https:\/\/www.faaftech.com\/es\/wp-json\/wp\/v2\/media\/6531"}],"wp:attachment":[{"href":"https:\/\/www.faaftech.com\/es\/wp-json\/wp\/v2\/media?parent=6525"}],"curies":[{"name":"wp","href":"https:\/\/api.w.org\/{rel}","templated":true}]}}